{"id":120,"date":"2025-01-15T12:29:12","date_gmt":"2025-01-15T12:29:12","guid":{"rendered":"https:\/\/fabianexpress.es\/?page_id=120"},"modified":"2025-01-20T09:58:20","modified_gmt":"2025-01-20T09:58:20","slug":"servicios","status":"publish","type":"page","link":"https:\/\/fabianexpress.es\/index.php\/servicios\/","title":{"rendered":"Servicios"},"content":{"rendered":"\n<p class=\"has-text-align-center\">A trav\u00e9s de Fabian Express SL podr\u00e1s utilizar cualquier tipo de servicio de log\u00edstica integral.<\/p>\n\n\n\n<p class=\"has-text-align-center\">Podr\u00e1s realizar env\u00edos a trav\u00e9s de nuestra agencia de GLS.<\/p>\n\n\n\n<p class=\"has-text-align-center\">Adem\u00e1s podr\u00e1s realizar env\u00edos personalizados para realizar transportes dedicados a tu mercanc\u00eda.<\/p>\n\n\n\n<p class=\"has-text-align-center\">Puedes ponerte en contacto con nosotros para obtener presupuesto y asesoramiento personalizado sobre lo que puedas necesitar. <\/p>\n\n\n\n<p><\/p>\n\n\n\n<p><\/p>\n\n\n\n\n\n<p><\/p>\n","protected":false},"excerpt":{"rendered":"<p>A trav\u00e9s de Fabian Express SL podr\u00e1s utilizar cualquier tipo de servicio de log\u00edstica integral. Podr\u00e1s realizar env\u00edos a trav\u00e9s de nuestra agencia de GLS. Adem\u00e1s podr\u00e1s realizar env\u00edos personalizados para realizar transportes dedicados a tu mercanc\u00eda. Puedes ponerte en contacto con nosotros para obtener presupuesto y asesoramiento personalizado sobre lo que puedas necesitar.<\/p>\n","protected":false},"author":1,"featured_media":0,"parent":0,"menu_order":0,"comment_status":"closed","ping_status":"closed","template":"","meta":{"saved_in_kubio":false,"footnotes":""},"class_list":["post-120","page","type-page","status-publish","hentry"],"kubio_ai_page_context":{"short_desc":"","purpose":"general"},"_links":{"self":[{"href":"https:\/\/fabianexpress.es\/index.php\/wp-json\/wp\/v2\/pages\/120","targetHints":{"allow":["GET"]}}],"collection":[{"href":"https:\/\/fabianexpress.es\/index.php\/wp-json\/wp\/v2\/pages"}],"about":[{"href":"https:\/\/fabianexpress.es\/index.php\/wp-json\/wp\/v2\/types\/page"}],"author":[{"embeddable":true,"href":"https:\/\/fabianexpress.es\/index.php\/wp-json\/wp\/v2\/users\/1"}],"replies":[{"embeddable":true,"href":"https:\/\/fabianexpress.es\/index.php\/wp-json\/wp\/v2\/comments?post=120"}],"version-history":[{"count":3,"href":"https:\/\/fabianexpress.es\/index.php\/wp-json\/wp\/v2\/pages\/120\/revisions"}],"predecessor-version":[{"id":137,"href":"https:\/\/fabianexpress.es\/index.php\/wp-json\/wp\/v2\/pages\/120\/revisions\/137"}],"wp:attachment":[{"href":"https:\/\/fabianexpress.es\/index.php\/wp-json\/wp\/v2\/media?parent=120"}],"curies":[{"name":"wp","href":"https:\/\/api.w.org\/{rel}","templated":true}]}}